{"id":1442,"date":"2024-12-05T11:49:57","date_gmt":"2024-12-05T11:49:57","guid":{"rendered":"https:\/\/www.telmacom.be\/postes-vacants\/"},"modified":"2024-12-11T20:01:21","modified_gmt":"2024-12-11T20:01:21","slug":"jobs","status":"publish","type":"page","link":"https:\/\/www.telmacom.be\/fr\/jobs\/","title":{"rendered":"jobs"},"content":{"rendered":"<p><div class=\"fusion-fullwidth fullwidth-box fusion-builder-row-1 fusion-flex-container has-pattern-background has-mask-background fusion-parallax-none nonhundred-percent-fullwidth non-hundred-percent-height-scrolling gradient-container-1\" style=\"--awb-background-blend-mode:screen;--awb-border-radius-top-left:0px;--awb-border-radius-top-right:0px;--awb-border-radius-bottom-right:0px;--awb-border-radius-bottom-left:0px;--awb-padding-top:150px;--awb-padding-bottom:150px;--awb-margin-bottom:0px;--awb-background-image:url(&quot;http:\/\/www.telmacom.be\/wp-content\/uploads\/2024\/12\/h.jpeg&quot;);--awb-background-size:cover;--awb-flex-wrap:wrap;\" ><div class=\"fusion-builder-row fusion-row fusion-flex-align-items-flex-start fusion-flex-content-wrap\" style=\"max-width:1248px;margin-left: calc(-4% \/ 2 );margin-right: calc(-4% \/ 2 );\"><div class=\"fusion-layout-column fusion_builder_column fusion-builder-column-0 fusion_builder_column_1_1 1_1 fusion-flex-column\" style=\"--awb-padding-left:60px;--awb-padding-left-medium:80px;--awb-bg-size:cover;--awb-border-color:hsla(calc(12 + 31),100%,71%,100%);--awb-border-left:5px;--awb-border-style:solid;--awb-width-large:100%;--awb-margin-top-large:0px;--awb-spacing-right-large:1.92%;--awb-margin-bottom-large:0px;--awb-spacing-left-large:1.92%;--awb-width-medium:100%;--awb-order-medium:0;--awb-spacing-right-medium:1.92%;--awb-spacing-left-medium:1.92%;--awb-width-small:100%;--awb-order-small:0;--awb-spacing-right-small:1.92%;--awb-spacing-left-small:1.92%;\"><div class=\"fusion-column-wrapper fusion-column-has-shadow fusion-flex-justify-content-flex-start fusion-content-layout-column\"><div class=\"fusion-text fusion-text-1 text-decoration-te\" style=\"--awb-content-alignment:center;--awb-font-size:35px;--awb-text-color:#ffffff;--awb-margin-top:30px;--awb-text-font-family:Arial, Helvetica, sans-serif;--awb-text-font-style:normal;--awb-text-font-weight:400;\"><p style=\"text-align: center;\">Jobs<\/p>\n<\/div><a class=\"fusion-modal-text-link\" href=\"#\">\n<div class=\"divider\"><\/div>\n<\/a><div class=\"fusion-text fusion-text-2\" style=\"--awb-content-alignment:center;--awb-font-size:19px;--awb-text-color:#ffffff;--awb-margin-top:40px;--awb-text-font-family:&quot;Open Sans&quot;;--awb-text-font-style:normal;--awb-text-font-weight:400;\"><p class=\"custom-text-two\">Avec 25 coll\u00e8gues, Telmacom aide les \u00e9quipes de vente des entreprises \u00e0 prendre des rendez-vous par t\u00e9l\u00e9phone.<\/p>\n<p>Nous travaillons pour des entreprises de quasiment tous les secteurs et offrons une grande vari\u00e9t\u00e9 de missions.<\/p>\n<p>Pour certains clients, nous travaillons 2 jours par mois, pour d&#8217;autres 2 jours par semaine.<\/p>\n<\/div><\/div><\/div><\/div><\/div><div class=\"fusion-fullwidth fullwidth-box fusion-builder-row-2 fusion-flex-container has-pattern-background has-mask-background nonhundred-percent-fullwidth non-hundred-percent-height-scrolling gradient-container-2\" style=\"--awb-border-radius-top-left:0px;--awb-border-radius-top-right:0px;--awb-border-radius-bottom-right:0px;--awb-border-radius-bottom-left:0px;--awb-flex-wrap:wrap;\" ><div class=\"fusion-builder-row fusion-row fusion-flex-align-items-center fusion-flex-justify-content-center fusion-flex-content-wrap\" style=\"max-width:1248px;margin-left: calc(-4% \/ 2 );margin-right: calc(-4% \/ 2 );\"><div class=\"fusion-layout-column fusion_builder_column fusion-builder-column-1 fusion_builder_column_2_3 2_3 fusion-flex-column\" style=\"--awb-bg-size:cover;--awb-width-large:66.666666666667%;--awb-margin-top-large:0px;--awb-spacing-right-large:2.88%;--awb-margin-bottom-large:20px;--awb-spacing-left-large:2.88%;--awb-width-medium:66.666666666667%;--awb-order-medium:0;--awb-spacing-right-medium:2.88%;--awb-spacing-left-medium:2.88%;--awb-width-small:100%;--awb-order-small:0;--awb-spacing-right-small:1.92%;--awb-spacing-left-small:1.92%;\"><div class=\"fusion-column-wrapper fusion-column-has-shadow fusion-flex-justify-content-flex-start fusion-content-layout-column\"><div class=\"fusion-text fusion-text-3\" style=\"--awb-text-color:#000000;--awb-margin-top:30px;--awb-text-font-family:&quot;Open Sans&quot;;--awb-text-font-style:normal;--awb-text-font-weight:400;\"><div class=\"page-banner--normal\">\n<div class=\"wrapper container-fluid\">\n<div class=\"wrapper--small\"><\/div>\n<\/div>\n<\/div>\n<div id=\"vacatures\" class=\"dynamic-page v-padding--md wrapper--small container-fluid\">\n<div class=\"row\">\n<div class=\"col-md-8 offset-md-2 \">\n<h3 class=\"text-left\">Description des t\u00e2ches :<\/h3>\n<ul class=\"custom-ul\">\n<li>Prospection t\u00e9l\u00e9phonique B2B pour votre projet d\u00e9di\u00e9.<\/li>\n<li>Alimentation et entretien de notre syst\u00e8me CRM.<\/li>\n<li>Planification de l&#8217;agenda et suivi pour nos clients.<\/li>\n<li>Planification des r\u00e9unions.<\/li>\n<li>Vous restez en contact avec votre Account Manager et vous vous r\u00e9unissez pour discuter du projet.<\/li>\n<li>\u00c0 l&#8217;occasion, vous lancez des enqu\u00eates, vous envoyez des invitations \u00e0 des \u00e9v\u00e9nements ou vous faites le suivi des mailings.<\/li>\n<\/ul>\n<\/div>\n<\/div>\n<\/div>\n<div id=\"vacatures\" class=\"dynamic-page v-padding--md wrapper--small container-fluid\">\n<div class=\"row\">\n<div class=\"col-md-8 offset-md-2 \">\n<h3 class=\"text-left\">Profil :<\/h3>\n<ul class=\"custom-ul\">\n<li>Votre enthousiasme est contagieux.<\/li>\n<li>Au t\u00e9l\u00e9phone, votre voix est agr\u00e9able.<\/li>\n<li>Votre pers\u00e9v\u00e9rance vous permet de donner une tournure agr\u00e9able \u00e0 chaque entretien.<\/li>\n<li>Vous g\u00e9rez votre administration de mani\u00e8re \u00e0 ce qu&#8217;elle soit claire pour vos coll\u00e8gues et vos clients.<\/li>\n<li>Vous \u00eates motiv\u00e9(e), enthousiaste et \u00e0 la recherche d&#8217;un emploi stable.<\/li>\n<li>Aucune exp\u00e9rience pertinente n&#8217;est exig\u00e9e. Enthousiasme, d\u00e9vouement et audace sont d&#8217;autant plus souhait\u00e9s !<\/li>\n<li>Votre langue maternelle est le fran\u00e7ais. Des comp\u00e9tences linguistiques suppl\u00e9mentaires sont un atout.<\/li>\n<\/ul>\n<\/div>\n<\/div>\n<\/div>\n<div id=\"vacatures\" class=\"dynamic-page v-padding--md wrapper--small container-fluid\">\n<div class=\"row\">\n<div class=\"col-md-8 offset-md-2 \">\n<h3 class=\"text-left\">Nous offrons<\/h3>\n<ul class=\"custom-ul\">\n<li>Des projets vari\u00e9s auxquels vous participez<\/li>\n<li>Un environnement de travail informel et agr\u00e9able<\/li>\n<li>Des conditions de travail attrayantes<\/li>\n<\/ul>\n<\/div>\n<\/div>\n<\/div>\n<div id=\"vacatures\" class=\"dynamic-page v-padding--md wrapper--small container-fluid\">\n<div class=\"row\">\n<div class=\"col-md-8 offset-md-2 \">\n<h3 class=\"text-left\">Contact<\/h3>\n<ul class=\"custom-ul\">\n<li>Par courriel : <a class=\"custom-anchor-link\" href=\"mailto:planning@telmacom.be\">planning@telmacom.be<\/a><\/li>\n<\/ul>\n<\/div>\n<\/div>\n<\/div>\n<\/div><\/div><\/div><\/div><\/div><\/p>\n","protected":false},"excerpt":{"rendered":"","protected":false},"author":3,"featured_media":0,"parent":0,"menu_order":0,"comment_status":"closed","ping_status":"closed","template":"100-width.php","meta":{"inline_featured_image":false,"footnotes":""},"class_list":["post-1442","page","type-page","status-publish","hentry"],"yoast_head":"<!-- This site is optimized with the Yoast SEO plugin v27.4 - https:\/\/yoast.com\/product\/yoast-seo-wordpress\/ -->\n<title>jobs - Telemarketing en Lead Generation via B2B callcenter<\/title>\n<meta name=\"robots\" content=\"index, follow, max-snippet:-1, max-image-preview:large, max-video-preview:-1\" \/>\n<link rel=\"canonical\" href=\"https:\/\/www.telmacom.be\/fr\/jobs\/\" \/>\n<meta property=\"og:locale\" content=\"fr_FR\" \/>\n<meta property=\"og:type\" content=\"article\" \/>\n<meta property=\"og:title\" content=\"jobs - Telemarketing en Lead Generation via B2B callcenter\" \/>\n<meta property=\"og:url\" content=\"https:\/\/www.telmacom.be\/fr\/jobs\/\" \/>\n<meta property=\"og:site_name\" content=\"Telemarketing en Lead Generation via B2B callcenter\" \/>\n<meta property=\"article:modified_time\" content=\"2024-12-11T20:01:21+00:00\" \/>\n<meta name=\"twitter:card\" content=\"summary_large_image\" \/>\n<meta name=\"twitter:label1\" content=\"Dur\u00e9e de lecture estim\u00e9e\" \/>\n\t<meta name=\"twitter:data1\" content=\"12 minutes\" \/>\n<script type=\"application\/ld+json\" class=\"yoast-schema-graph\">{\"@context\":\"https:\\\/\\\/schema.org\",\"@graph\":[{\"@type\":\"WebPage\",\"@id\":\"https:\\\/\\\/www.telmacom.be\\\/fr\\\/jobs\\\/\",\"url\":\"https:\\\/\\\/www.telmacom.be\\\/fr\\\/jobs\\\/\",\"name\":\"jobs - Telemarketing en Lead Generation via B2B callcenter\",\"isPartOf\":{\"@id\":\"https:\\\/\\\/www.telmacom.be\\\/fr\\\/#website\"},\"datePublished\":\"2024-12-05T11:49:57+00:00\",\"dateModified\":\"2024-12-11T20:01:21+00:00\",\"breadcrumb\":{\"@id\":\"https:\\\/\\\/www.telmacom.be\\\/fr\\\/jobs\\\/#breadcrumb\"},\"inLanguage\":\"fr-FR\",\"potentialAction\":[{\"@type\":\"ReadAction\",\"target\":[\"https:\\\/\\\/www.telmacom.be\\\/fr\\\/jobs\\\/\"]}]},{\"@type\":\"BreadcrumbList\",\"@id\":\"https:\\\/\\\/www.telmacom.be\\\/fr\\\/jobs\\\/#breadcrumb\",\"itemListElement\":[{\"@type\":\"ListItem\",\"position\":1,\"name\":\"Home\",\"item\":\"http:\\\/\\\/www.telmacom.be\\\/fr\\\/\"},{\"@type\":\"ListItem\",\"position\":2,\"name\":\"jobs\"}]},{\"@type\":\"WebSite\",\"@id\":\"https:\\\/\\\/www.telmacom.be\\\/fr\\\/#website\",\"url\":\"https:\\\/\\\/www.telmacom.be\\\/fr\\\/\",\"name\":\"Telemarketing en Lead Generation B2B callcenter\",\"description\":\"Telmacom is een callcenter voor B2B telemarketing, lead generation, telefonische prospectie en afspraken maken via cold calling voor sales teams.\",\"alternateName\":\"Telemarketing en Lead Generation\",\"potentialAction\":[{\"@type\":\"SearchAction\",\"target\":{\"@type\":\"EntryPoint\",\"urlTemplate\":\"https:\\\/\\\/www.telmacom.be\\\/fr\\\/?s={search_term_string}\"},\"query-input\":{\"@type\":\"PropertyValueSpecification\",\"valueRequired\":true,\"valueName\":\"search_term_string\"}}],\"inLanguage\":\"fr-FR\"}]}<\/script>\n<!-- \/ Yoast SEO plugin. -->","yoast_head_json":{"title":"jobs - Telemarketing en Lead Generation via B2B callcenter","robots":{"index":"index","follow":"follow","max-snippet":"max-snippet:-1","max-image-preview":"max-image-preview:large","max-video-preview":"max-video-preview:-1"},"canonical":"https:\/\/www.telmacom.be\/fr\/jobs\/","og_locale":"fr_FR","og_type":"article","og_title":"jobs - Telemarketing en Lead Generation via B2B callcenter","og_url":"https:\/\/www.telmacom.be\/fr\/jobs\/","og_site_name":"Telemarketing en Lead Generation via B2B callcenter","article_modified_time":"2024-12-11T20:01:21+00:00","twitter_card":"summary_large_image","twitter_misc":{"Dur\u00e9e de lecture estim\u00e9e":"12 minutes"},"schema":{"@context":"https:\/\/schema.org","@graph":[{"@type":"WebPage","@id":"https:\/\/www.telmacom.be\/fr\/jobs\/","url":"https:\/\/www.telmacom.be\/fr\/jobs\/","name":"jobs - Telemarketing en Lead Generation via B2B callcenter","isPartOf":{"@id":"https:\/\/www.telmacom.be\/fr\/#website"},"datePublished":"2024-12-05T11:49:57+00:00","dateModified":"2024-12-11T20:01:21+00:00","breadcrumb":{"@id":"https:\/\/www.telmacom.be\/fr\/jobs\/#breadcrumb"},"inLanguage":"fr-FR","potentialAction":[{"@type":"ReadAction","target":["https:\/\/www.telmacom.be\/fr\/jobs\/"]}]},{"@type":"BreadcrumbList","@id":"https:\/\/www.telmacom.be\/fr\/jobs\/#breadcrumb","itemListElement":[{"@type":"ListItem","position":1,"name":"Home","item":"http:\/\/www.telmacom.be\/fr\/"},{"@type":"ListItem","position":2,"name":"jobs"}]},{"@type":"WebSite","@id":"https:\/\/www.telmacom.be\/fr\/#website","url":"https:\/\/www.telmacom.be\/fr\/","name":"Telemarketing en Lead Generation B2B callcenter","description":"Telmacom is een callcenter voor B2B telemarketing, lead generation, telefonische prospectie en afspraken maken via cold calling voor sales teams.","alternateName":"Telemarketing en Lead Generation","potentialAction":[{"@type":"SearchAction","target":{"@type":"EntryPoint","urlTemplate":"https:\/\/www.telmacom.be\/fr\/?s={search_term_string}"},"query-input":{"@type":"PropertyValueSpecification","valueRequired":true,"valueName":"search_term_string"}}],"inLanguage":"fr-FR"}]}},"_links":{"self":[{"href":"https:\/\/www.telmacom.be\/fr\/wp-json\/wp\/v2\/pages\/1442","targetHints":{"allow":["GET"]}}],"collection":[{"href":"https:\/\/www.telmacom.be\/fr\/wp-json\/wp\/v2\/pages"}],"about":[{"href":"https:\/\/www.telmacom.be\/fr\/wp-json\/wp\/v2\/types\/page"}],"author":[{"embeddable":true,"href":"https:\/\/www.telmacom.be\/fr\/wp-json\/wp\/v2\/users\/3"}],"replies":[{"embeddable":true,"href":"https:\/\/www.telmacom.be\/fr\/wp-json\/wp\/v2\/comments?post=1442"}],"version-history":[{"count":7,"href":"https:\/\/www.telmacom.be\/fr\/wp-json\/wp\/v2\/pages\/1442\/revisions"}],"predecessor-version":[{"id":1894,"href":"https:\/\/www.telmacom.be\/fr\/wp-json\/wp\/v2\/pages\/1442\/revisions\/1894"}],"wp:attachment":[{"href":"https:\/\/www.telmacom.be\/fr\/wp-json\/wp\/v2\/media?parent=1442"}],"curies":[{"name":"wp","href":"https:\/\/api.w.org\/{rel}","templated":true}]}}