{"id":1409,"date":"2024-12-05T17:04:32","date_gmt":"2024-12-05T17:04:32","guid":{"rendered":"https:\/\/www.telmacom.be\/clients-dormants\/"},"modified":"2025-01-29T15:58:54","modified_gmt":"2025-01-29T15:58:54","slug":"relance-prospects","status":"publish","type":"page","link":"https:\/\/www.telmacom.be\/fr\/relance-prospects\/","title":{"rendered":"Clients dormants"},"content":{"rendered":"<p><div class=\"fusion-fullwidth fullwidth-box fusion-builder-row-1 fusion-flex-container has-pattern-background has-mask-background fusion-parallax-none nonhundred-percent-fullwidth non-hundred-percent-height-scrolling gradient-container-1\" style=\"--awb-background-blend-mode:screen;--awb-border-radius-top-left:0px;--awb-border-radius-top-right:0px;--awb-border-radius-bottom-right:0px;--awb-border-radius-bottom-left:0px;--awb-padding-top:150px;--awb-padding-bottom:150px;--awb-margin-bottom:0px;--awb-background-image:url(&quot;http:\/\/www.telmacom.be\/wp-content\/uploads\/2024\/12\/17.jpg&quot;);--awb-background-size:cover;--awb-flex-wrap:wrap;\" ><div class=\"fusion-builder-row fusion-row fusion-flex-align-items-flex-start fusion-flex-content-wrap\" style=\"max-width:1248px;margin-left: calc(-4% \/ 2 );margin-right: calc(-4% \/ 2 );\"><div class=\"fusion-layout-column fusion_builder_column fusion-builder-column-0 fusion_builder_column_1_1 1_1 fusion-flex-column\" style=\"--awb-padding-left:60px;--awb-padding-left-medium:80px;--awb-bg-size:cover;--awb-border-color:hsla(calc(12 + 31),100%,71%,100%);--awb-border-left:5px;--awb-border-style:solid;--awb-width-large:100%;--awb-margin-top-large:0px;--awb-spacing-right-large:1.92%;--awb-margin-bottom-large:0px;--awb-spacing-left-large:1.92%;--awb-width-medium:100%;--awb-order-medium:0;--awb-spacing-right-medium:1.92%;--awb-spacing-left-medium:1.92%;--awb-width-small:100%;--awb-order-small:0;--awb-spacing-right-small:1.92%;--awb-spacing-left-small:1.92%;\"><div class=\"fusion-column-wrapper fusion-column-has-shadow fusion-flex-justify-content-flex-start fusion-content-layout-column\"><div class=\"fusion-text fusion-text-1 text-decoration-te\" style=\"--awb-content-alignment:center;--awb-font-size:35px;--awb-text-color:#ffffff;--awb-margin-top:30px;--awb-text-font-family:Arial, Helvetica, sans-serif;--awb-text-font-style:normal;--awb-text-font-weight:400;\"><p style=\"text-align: center;\">Clients Dormants<\/p>\n<\/div><a class=\"fusion-modal-text-link\" href=\"#\">\n<div class=\"divider\"><\/div>\n<\/a><div class=\"fusion-text fusion-text-2\" style=\"--awb-content-alignment:center;--awb-font-size:19px;--awb-text-color:#ffffff;--awb-margin-top:40px;--awb-text-font-family:&quot;Open Sans&quot;;--awb-text-font-style:normal;--awb-text-font-weight:400;\"><p class=\"custom-text-two\" style=\"text-align: center;\">Activer les clients dormants<\/p>\n<\/div><\/div><\/div><\/div><\/div><div class=\"fusion-fullwidth fullwidth-box fusion-builder-row-2 fusion-flex-container has-pattern-background has-mask-background nonhundred-percent-fullwidth non-hundred-percent-height-scrolling gradient-container-2\" style=\"--awb-border-radius-top-left:0px;--awb-border-radius-top-right:0px;--awb-border-radius-bottom-right:0px;--awb-border-radius-bottom-left:0px;--awb-flex-wrap:wrap;\" ><div class=\"fusion-builder-row fusion-row fusion-flex-align-items-center fusion-flex-justify-content-center fusion-flex-content-wrap\" style=\"max-width:1248px;margin-left: calc(-4% \/ 2 );margin-right: calc(-4% \/ 2 );\"><div class=\"fusion-layout-column fusion_builder_column fusion-builder-column-1 fusion_builder_column_3_5 3_5 fusion-flex-column\" style=\"--awb-bg-size:cover;--awb-width-large:60%;--awb-margin-top-large:0px;--awb-spacing-right-large:3.2%;--awb-margin-bottom-large:20px;--awb-spacing-left-large:3.2%;--awb-width-medium:60%;--awb-order-medium:0;--awb-spacing-right-medium:3.2%;--awb-spacing-left-medium:3.2%;--awb-width-small:100%;--awb-order-small:0;--awb-spacing-right-small:1.92%;--awb-spacing-left-small:1.92%;\"><div class=\"fusion-column-wrapper fusion-column-has-shadow fusion-flex-justify-content-flex-start fusion-content-layout-column\"><div class=\"fusion-text fusion-text-3\" style=\"--awb-text-color:#000000;--awb-margin-top:30px;--awb-text-font-family:&quot;Open Sans&quot;;--awb-text-font-style:normal;--awb-text-font-weight:400;\"><h5 class=\"h4 text-align-left\">La t\u00e9l\u00e9prospection active les clients dormants<\/h5>\n<p class=\"custom-text-three\">L&#8217;\u00e9quipe de t\u00e9l\u00e9marketing de Telmacom stimule et r\u00e9active les clients dormants par le biais de contacts t\u00e9l\u00e9phoniques. Au cours de l&#8217;appel t\u00e9l\u00e9phonique, ils peuvent \u00e9galement sonder la raison pour laquelle le client en question n&#8217;utilise plus vos services. La r\u00e9duction de la rotation des clients et les informations strat\u00e9giques \u00e0 ce sujet sont autant de raisons de faire du marketing de fid\u00e9lisation.<\/p>\n<p><a class=\"custom-anchor-link\" href=\"https:\/\/www.telmacom.be\/contact\/\">Contact<\/a> &#8211; <a class=\"custom-anchor-link\" href=\"https:\/\/www.telmacom.be\/diensten\/\">Aller \u00e0 l&#8217;aper\u00e7u<\/a><\/p>\n<\/div><\/div><\/div><\/div><\/div><div class=\"fusion-fullwidth fullwidth-box fusion-builder-row-3 fusion-flex-container has-pattern-background has-mask-background nonhundred-percent-fullwidth non-hundred-percent-height-scrolling gradient-container-3\" style=\"--awb-border-radius-top-left:0px;--awb-border-radius-top-right:0px;--awb-border-radius-bottom-right:0px;--awb-border-radius-bottom-left:0px;--awb-padding-top:60px;--awb-padding-bottom:60px;--awb-background-color:#f9f9f9;--awb-flex-wrap:wrap;\" ><div class=\"fusion-builder-row fusion-row fusion-flex-align-items-center fusion-flex-justify-content-center fusion-flex-content-wrap\" style=\"max-width:1248px;margin-left: calc(-4% \/ 2 );margin-right: calc(-4% \/ 2 );\"><div class=\"fusion-layout-column fusion_builder_column fusion-builder-column-2 fusion_builder_column_1_1 1_1 fusion-flex-column\" style=\"--awb-bg-size:cover;--awb-width-large:100%;--awb-margin-top-large:0px;--awb-spacing-right-large:1.92%;--awb-margin-bottom-large:20px;--awb-spacing-left-large:1.92%;--awb-width-medium:100%;--awb-order-medium:0;--awb-spacing-right-medium:1.92%;--awb-spacing-left-medium:1.92%;--awb-width-small:100%;--awb-order-small:0;--awb-spacing-right-small:1.92%;--awb-spacing-left-small:1.92%;\"><div class=\"fusion-column-wrapper fusion-column-has-shadow fusion-flex-justify-content-flex-start fusion-content-layout-column\"><div class=\"fusion-text fusion-text-4 text-decoration-te\" style=\"--awb-content-alignment:center;--awb-font-size:35px;--awb-text-font-family:Arial, Helvetica, sans-serif;--awb-text-font-style:normal;--awb-text-font-weight:400;\"><p style=\"text-align: center;\">CONTACTEZ-NOUS<\/p>\n<\/div><a class=\"fusion-modal-text-link\" href=\"#\">\n<div class=\"divider\"><\/div>\n<\/a><\/div><\/div><div class=\"fusion-layout-column fusion_builder_column fusion-builder-column-3 fusion_builder_column_1_1 1_1 fusion-flex-column\" style=\"--awb-bg-size:cover;--awb-width-large:100%;--awb-margin-top-large:30px;--awb-spacing-right-large:1.92%;--awb-margin-bottom-large:20px;--awb-spacing-left-large:1.92%;--awb-width-medium:100%;--awb-order-medium:0;--awb-spacing-right-medium:1.92%;--awb-spacing-left-medium:1.92%;--awb-width-small:100%;--awb-order-small:0;--awb-spacing-right-small:1.92%;--awb-spacing-left-small:1.92%;\" data-scroll-devices=\"small-visibility,medium-visibility,large-visibility\"><div class=\"fusion-column-wrapper fusion-column-has-shadow fusion-flex-justify-content-flex-start fusion-content-layout-column\"><style id=\"wpforms-css-vars-2407\">\n\t\t\t\t#wpforms-2407 {\n\t\t\t\t--wpforms-field-size-input-height: 43px;\n--wpforms-field-size-input-spacing: 15px;\n--wpforms-field-size-font-size: 16px;\n--wpforms-field-size-line-height: 19px;\n--wpforms-field-size-padding-h: 14px;\n--wpforms-field-size-checkbox-size: 16px;\n--wpforms-field-size-sublabel-spacing: 5px;\n--wpforms-field-size-icon-size: 1;\n--wpforms-label-size-font-size: 16px;\n--wpforms-label-size-line-height: 19px;\n--wpforms-label-size-sublabel-font-size: 14px;\n--wpforms-label-size-sublabel-line-height: 17px;\n--wpforms-button-size-font-size: 17px;\n--wpforms-button-size-height: 41px;\n--wpforms-button-size-padding-h: 15px;\n--wpforms-button-size-margin-top: 10px;\n--wpforms-container-shadow-size-box-shadow: none;\n\t\t\t}\n\t\t\t<\/style><div class=\"wpforms-container wpforms-container-full wpforms-render-modern\" id=\"wpforms-2407\"><form id=\"wpforms-form-2407\" class=\"wpforms-validate wpforms-form wpforms-ajax-form\" data-formid=\"2407\" method=\"post\" enctype=\"multipart\/form-data\" action=\"\/fr\/wp-json\/wp\/v2\/pages\/1409\" data-token=\"f6addda1f9ee0527cc60421e2bbcc2a2\" data-token-time=\"1776350812\"><noscript class=\"wpforms-error-noscript\">Veuillez activer JavaScript dans votre navigateur pour remplir ce formulaire.<\/noscript><div id=\"wpforms-error-noscript\" style=\"display: none;\">Veuillez activer JavaScript dans votre navigateur pour remplir ce formulaire.<\/div><div class=\"wpforms-field-container\"><div id=\"wpforms-2407-field_2-container\" class=\"wpforms-field wpforms-field-text wpforms-one-half wpforms-first\" data-field-id=\"2\"><label class=\"wpforms-field-label\" for=\"wpforms-2407-field_2\">Pr\u00e9nom <span class=\"wpforms-required-label\" aria-hidden=\"true\">*<\/span><\/label><input type=\"text\" id=\"wpforms-2407-field_2\" class=\"wpforms-field-large wpforms-field-required\" name=\"wpforms[fields][2]\" aria-errormessage=\"wpforms-2407-field_2-error\" required><\/div><div id=\"wpforms-2407-field_3-container\" class=\"wpforms-field wpforms-field-text wpforms-one-half\" data-field-id=\"3\"><label class=\"wpforms-field-label\" for=\"wpforms-2407-field_3\">Nom <span class=\"wpforms-required-label\" aria-hidden=\"true\">*<\/span><\/label><input type=\"text\" id=\"wpforms-2407-field_3\" class=\"wpforms-field-large wpforms-field-required\" name=\"wpforms[fields][3]\" aria-errormessage=\"wpforms-2407-field_3-error\" required><\/div>\t\t<div id=\"wpforms-2407-field_1-container\"\n\t\t\tclass=\"wpforms-field wpforms-field-text\"\n\t\t\tdata-field-type=\"text\"\n\t\t\tdata-field-id=\"1\"\n\t\t\t>\n\t\t\t<label class=\"wpforms-field-label\" for=\"wpforms-2407-field_1\" >Nom Question E-mail<\/label>\n\t\t\t<input type=\"text\" id=\"wpforms-2407-field_1\" class=\"wpforms-field-medium\" name=\"wpforms[fields][1]\" >\n\t\t<\/div>\n\t\t<div id=\"wpforms-2407-field_4-container\" class=\"wpforms-field wpforms-field-email wpforms-one-half wpforms-first\" data-field-id=\"4\"><label class=\"wpforms-field-label\" for=\"wpforms-2407-field_4\">E-mail <span class=\"wpforms-required-label\" aria-hidden=\"true\">*<\/span><\/label><input type=\"email\" id=\"wpforms-2407-field_4\" class=\"wpforms-field-large wpforms-field-required\" data-rule-restricted-email=\"1\" name=\"wpforms[fields][4]\" spellcheck=\"false\" aria-errormessage=\"wpforms-2407-field_4-error\" required><\/div><div id=\"wpforms-2407-field_5-container\" class=\"wpforms-field wpforms-field-number wpforms-one-half\" data-field-id=\"5\"><label class=\"wpforms-field-label\" for=\"wpforms-2407-field_5\">T\u00e9l\u00e9phone <span class=\"wpforms-required-label\" aria-hidden=\"true\">*<\/span><\/label><input type=\"number\" id=\"wpforms-2407-field_5\" class=\"wpforms-field-large wpforms-field-required\" name=\"wpforms[fields][5]\" step=\"any\" aria-errormessage=\"wpforms-2407-field_5-error\" required><\/div><div id=\"wpforms-2407-field_6-container\" class=\"wpforms-field wpforms-field-textarea\" data-field-id=\"6\"><label class=\"wpforms-field-label\" for=\"wpforms-2407-field_6\">Question ou remarque<\/label><textarea id=\"wpforms-2407-field_6\" class=\"wpforms-field-medium\" name=\"wpforms[fields][6]\" placeholder=\"Parlez-nous de vos souhaits\" aria-errormessage=\"wpforms-2407-field_6-error\" ><\/textarea><\/div><div id=\"wpforms-2407-field_7-container\" class=\"wpforms-field wpforms-field-checkbox\" data-field-id=\"7\"><fieldset><legend class=\"wpforms-field-label\"><\/legend><ul id=\"wpforms-2407-field_7\"><li class=\"choice-1 depth-1\"><input type=\"checkbox\" id=\"wpforms-2407-field_7_1\" name=\"wpforms[fields][7][]\" value=\"J&#039;ai lu la &lt;a target=&quot;_blank&quot; href=&quot;https:\/\/telmacom.be\/fr\/politique-de-confidentialite\/&quot;&gt;politique de confidentialit\u00e9&lt;\/a&gt;.\" aria-errormessage=\"wpforms-2407-field_7_1-error\"  ><label class=\"wpforms-field-label-inline\" for=\"wpforms-2407-field_7_1\">J'ai lu la <a target=\"_blank\" href=\"https:\/\/telmacom.be\/fr\/politique-de-confidentialite\/\">politique de confidentialit\u00e9<\/a>.<\/label><\/li><\/ul><\/fieldset><\/div><script>\n\t\t\t\t( function() {\n\t\t\t\t\tconst style = document.createElement( 'style' );\n\t\t\t\t\tstyle.appendChild( document.createTextNode( '#wpforms-2407-field_1-container { position: absolute !important; overflow: hidden !important; display: inline !important; height: 1px !important; width: 1px !important; z-index: -1000 !important; padding: 0 !important; } #wpforms-2407-field_1-container input { visibility: hidden; } #wpforms-conversational-form-page #wpforms-2407-field_1-container label { counter-increment: none; }' ) );\n\t\t\t\t\tdocument.head.appendChild( style );\n\t\t\t\t\tdocument.currentScript?.remove();\n\t\t\t\t} )();\n\t\t\t<\/script><\/div><!-- .wpforms-field-container --><div class=\"wpforms-submit-container\" ><input type=\"hidden\" name=\"wpforms[id]\" value=\"2407\"><input type=\"hidden\" name=\"page_title\" value=\"\"><input type=\"hidden\" name=\"page_url\" value=\"https:\/\/www.telmacom.be\/fr\/wp-json\/wp\/v2\/pages\/1409\"><input type=\"hidden\" name=\"url_referer\" value=\"\"><button type=\"submit\" name=\"wpforms[submit]\" id=\"wpforms-submit-2407\" class=\"wpforms-submit\" data-alt-text=\"ENVOYER...\" data-submit-text=\"ENVOYER\" aria-live=\"assertive\" value=\"wpforms-submit\">ENVOYER<\/button><img decoding=\"async\" src=\"https:\/\/www.telmacom.be\/wp-content\/plugins\/wpforms\/assets\/images\/submit-spin.svg\" class=\"wpforms-submit-spinner\" style=\"display: none;\" width=\"26\" height=\"26\" alt=\"Chargement en cours\"><\/div><\/form><\/div>  <!-- .wpforms-container --><\/div><\/div>\n<\/div><\/div><\/p>\n","protected":false},"excerpt":{"rendered":"","protected":false},"author":3,"featured_media":0,"parent":0,"menu_order":0,"comment_status":"closed","ping_status":"closed","template":"100-width.php","meta":{"inline_featured_image":false,"footnotes":""},"class_list":["post-1409","page","type-page","status-publish","hentry"],"yoast_head":"<!-- This site is optimized with the Yoast SEO plugin v27.4 - https:\/\/yoast.com\/product\/yoast-seo-wordpress\/ -->\n<title>Relancer des prospects marketing via telemarketing<\/title>\n<meta name=\"description\" content=\"Telmacom aide \u00e0 r\u00e9activer les clients dormants gr\u00e2ce au t\u00e9l\u00e9marketing.\" \/>\n<meta name=\"robots\" content=\"index, follow, max-snippet:-1, max-image-preview:large, max-video-preview:-1\" \/>\n<link rel=\"canonical\" href=\"https:\/\/www.telmacom.be\/fr\/relance-prospects\/\" \/>\n<meta property=\"og:locale\" content=\"fr_FR\" \/>\n<meta property=\"og:type\" content=\"article\" \/>\n<meta property=\"og:title\" content=\"Relancer des prospects marketing via telemarketing\" \/>\n<meta property=\"og:description\" content=\"Telmacom aide \u00e0 r\u00e9activer les clients dormants gr\u00e2ce au t\u00e9l\u00e9marketing.\" \/>\n<meta property=\"og:url\" content=\"https:\/\/www.telmacom.be\/fr\/relance-prospects\/\" \/>\n<meta property=\"og:site_name\" content=\"Telemarketing en Lead Generation via B2B callcenter\" \/>\n<meta property=\"article:modified_time\" content=\"2025-01-29T15:58:54+00:00\" \/>\n<meta name=\"twitter:card\" content=\"summary_large_image\" \/>\n<meta name=\"twitter:label1\" content=\"Dur\u00e9e de lecture estim\u00e9e\" \/>\n\t<meta name=\"twitter:data1\" content=\"1 minute\" \/>\n<script type=\"application\/ld+json\" class=\"yoast-schema-graph\">{\"@context\":\"https:\\\/\\\/schema.org\",\"@graph\":[{\"@type\":\"WebPage\",\"@id\":\"https:\\\/\\\/www.telmacom.be\\\/fr\\\/relance-prospects\\\/\",\"url\":\"https:\\\/\\\/www.telmacom.be\\\/fr\\\/relance-prospects\\\/\",\"name\":\"Relancer des prospects marketing via telemarketing\",\"isPartOf\":{\"@id\":\"https:\\\/\\\/www.telmacom.be\\\/fr\\\/#website\"},\"datePublished\":\"2024-12-05T17:04:32+00:00\",\"dateModified\":\"2025-01-29T15:58:54+00:00\",\"description\":\"Telmacom aide \u00e0 r\u00e9activer les clients dormants gr\u00e2ce au t\u00e9l\u00e9marketing.\",\"breadcrumb\":{\"@id\":\"https:\\\/\\\/www.telmacom.be\\\/fr\\\/relance-prospects\\\/#breadcrumb\"},\"inLanguage\":\"fr-FR\",\"potentialAction\":[{\"@type\":\"ReadAction\",\"target\":[\"https:\\\/\\\/www.telmacom.be\\\/fr\\\/relance-prospects\\\/\"]}]},{\"@type\":\"BreadcrumbList\",\"@id\":\"https:\\\/\\\/www.telmacom.be\\\/fr\\\/relance-prospects\\\/#breadcrumb\",\"itemListElement\":[{\"@type\":\"ListItem\",\"position\":1,\"name\":\"Home\",\"item\":\"https:\\\/\\\/www.telmacom.be\\\/fr\\\/\"},{\"@type\":\"ListItem\",\"position\":2,\"name\":\"Clients dormants\"}]},{\"@type\":\"WebSite\",\"@id\":\"https:\\\/\\\/www.telmacom.be\\\/fr\\\/#website\",\"url\":\"https:\\\/\\\/www.telmacom.be\\\/fr\\\/\",\"name\":\"Telemarketing en Lead Generation B2B callcenter\",\"description\":\"Telmacom is een callcenter voor B2B telemarketing, lead generation, telefonische prospectie en afspraken maken via cold calling voor sales teams.\",\"alternateName\":\"Telemarketing en Lead Generation\",\"potentialAction\":[{\"@type\":\"SearchAction\",\"target\":{\"@type\":\"EntryPoint\",\"urlTemplate\":\"https:\\\/\\\/www.telmacom.be\\\/fr\\\/?s={search_term_string}\"},\"query-input\":{\"@type\":\"PropertyValueSpecification\",\"valueRequired\":true,\"valueName\":\"search_term_string\"}}],\"inLanguage\":\"fr-FR\"}]}<\/script>\n<!-- \/ Yoast SEO plugin. -->","yoast_head_json":{"title":"Relancer des prospects marketing via telemarketing","description":"Telmacom aide \u00e0 r\u00e9activer les clients dormants gr\u00e2ce au t\u00e9l\u00e9marketing.","robots":{"index":"index","follow":"follow","max-snippet":"max-snippet:-1","max-image-preview":"max-image-preview:large","max-video-preview":"max-video-preview:-1"},"canonical":"https:\/\/www.telmacom.be\/fr\/relance-prospects\/","og_locale":"fr_FR","og_type":"article","og_title":"Relancer des prospects marketing via telemarketing","og_description":"Telmacom aide \u00e0 r\u00e9activer les clients dormants gr\u00e2ce au t\u00e9l\u00e9marketing.","og_url":"https:\/\/www.telmacom.be\/fr\/relance-prospects\/","og_site_name":"Telemarketing en Lead Generation via B2B callcenter","article_modified_time":"2025-01-29T15:58:54+00:00","twitter_card":"summary_large_image","twitter_misc":{"Dur\u00e9e de lecture estim\u00e9e":"1 minute"},"schema":{"@context":"https:\/\/schema.org","@graph":[{"@type":"WebPage","@id":"https:\/\/www.telmacom.be\/fr\/relance-prospects\/","url":"https:\/\/www.telmacom.be\/fr\/relance-prospects\/","name":"Relancer des prospects marketing via telemarketing","isPartOf":{"@id":"https:\/\/www.telmacom.be\/fr\/#website"},"datePublished":"2024-12-05T17:04:32+00:00","dateModified":"2025-01-29T15:58:54+00:00","description":"Telmacom aide \u00e0 r\u00e9activer les clients dormants gr\u00e2ce au t\u00e9l\u00e9marketing.","breadcrumb":{"@id":"https:\/\/www.telmacom.be\/fr\/relance-prospects\/#breadcrumb"},"inLanguage":"fr-FR","potentialAction":[{"@type":"ReadAction","target":["https:\/\/www.telmacom.be\/fr\/relance-prospects\/"]}]},{"@type":"BreadcrumbList","@id":"https:\/\/www.telmacom.be\/fr\/relance-prospects\/#breadcrumb","itemListElement":[{"@type":"ListItem","position":1,"name":"Home","item":"https:\/\/www.telmacom.be\/fr\/"},{"@type":"ListItem","position":2,"name":"Clients dormants"}]},{"@type":"WebSite","@id":"https:\/\/www.telmacom.be\/fr\/#website","url":"https:\/\/www.telmacom.be\/fr\/","name":"Telemarketing en Lead Generation B2B callcenter","description":"Telmacom is een callcenter voor B2B telemarketing, lead generation, telefonische prospectie en afspraken maken via cold calling voor sales teams.","alternateName":"Telemarketing en Lead Generation","potentialAction":[{"@type":"SearchAction","target":{"@type":"EntryPoint","urlTemplate":"https:\/\/www.telmacom.be\/fr\/?s={search_term_string}"},"query-input":{"@type":"PropertyValueSpecification","valueRequired":true,"valueName":"search_term_string"}}],"inLanguage":"fr-FR"}]}},"_links":{"self":[{"href":"https:\/\/www.telmacom.be\/fr\/wp-json\/wp\/v2\/pages\/1409","targetHints":{"allow":["GET"]}}],"collection":[{"href":"https:\/\/www.telmacom.be\/fr\/wp-json\/wp\/v2\/pages"}],"about":[{"href":"https:\/\/www.telmacom.be\/fr\/wp-json\/wp\/v2\/types\/page"}],"author":[{"embeddable":true,"href":"https:\/\/www.telmacom.be\/fr\/wp-json\/wp\/v2\/users\/3"}],"replies":[{"embeddable":true,"href":"https:\/\/www.telmacom.be\/fr\/wp-json\/wp\/v2\/comments?post=1409"}],"version-history":[{"count":10,"href":"https:\/\/www.telmacom.be\/fr\/wp-json\/wp\/v2\/pages\/1409\/revisions"}],"predecessor-version":[{"id":2825,"href":"https:\/\/www.telmacom.be\/fr\/wp-json\/wp\/v2\/pages\/1409\/revisions\/2825"}],"wp:attachment":[{"href":"https:\/\/www.telmacom.be\/fr\/wp-json\/wp\/v2\/media?parent=1409"}],"curies":[{"name":"wp","href":"https:\/\/api.w.org\/{rel}","templated":true}]}}