{"id":1406,"date":"2024-12-06T05:20:14","date_gmt":"2024-12-06T05:20:14","guid":{"rendered":"https:\/\/www.telmacom.be\/plan-du-site\/"},"modified":"2024-12-11T09:30:43","modified_gmt":"2024-12-11T09:30:43","slug":"plan-du-site","status":"publish","type":"page","link":"https:\/\/www.telmacom.be\/fr\/plan-du-site\/","title":{"rendered":"Plan du site"},"content":{"rendered":"<p><div class=\"fusion-fullwidth fullwidth-box fusion-builder-row-1 fusion-flex-container has-pattern-background has-mask-background nonhundred-percent-fullwidth non-hundred-percent-height-scrolling gradient-container-1\" style=\"--awb-background-blend-mode:screen;--awb-border-radius-top-left:0px;--awb-border-radius-top-right:0px;--awb-border-radius-bottom-right:0px;--awb-border-radius-bottom-left:0px;--awb-padding-top:150px;--awb-padding-bottom:150px;--awb-margin-bottom:0px;--awb-background-color:#3679a5;--awb-background-size:cover;--awb-flex-wrap:wrap;\" ><div class=\"fusion-builder-row fusion-row fusion-flex-align-items-flex-start fusion-flex-content-wrap\" style=\"max-width:1248px;margin-left: calc(-4% \/ 2 );margin-right: calc(-4% \/ 2 );\"><div class=\"fusion-layout-column fusion_builder_column fusion-builder-column-0 fusion_builder_column_1_1 1_1 fusion-flex-column\" style=\"--awb-padding-left:60px;--awb-padding-left-medium:80px;--awb-bg-size:cover;--awb-border-color:hsla(calc(12 + 31),100%,71%,100%);--awb-border-left:5px;--awb-border-style:solid;--awb-width-large:100%;--awb-margin-top-large:0px;--awb-spacing-right-large:1.92%;--awb-margin-bottom-large:0px;--awb-spacing-left-large:1.92%;--awb-width-medium:100%;--awb-order-medium:0;--awb-spacing-right-medium:1.92%;--awb-spacing-left-medium:1.92%;--awb-width-small:100%;--awb-order-small:0;--awb-spacing-right-small:1.92%;--awb-spacing-left-small:1.92%;\"><div class=\"fusion-column-wrapper fusion-column-has-shadow fusion-flex-justify-content-flex-start fusion-content-layout-column\"><div class=\"fusion-text fusion-text-1 text-decoration-te\" style=\"--awb-content-alignment:center;--awb-font-size:35px;--awb-text-color:#ffffff;--awb-margin-top:30px;--awb-text-font-family:Arial, Helvetica, sans-serif;--awb-text-font-style:normal;--awb-text-font-weight:400;\"><p style=\"text-align: center;\">PLAN DU SITE<\/p>\n<\/div><a class=\"fusion-modal-text-link\" href=\"#\">\n<div class=\"divider\"><\/div>\n<\/a><\/div><\/div><\/div><\/div><div class=\"fusion-fullwidth fullwidth-box fusion-builder-row-2 fusion-flex-container has-pattern-background has-mask-background nonhundred-percent-fullwidth non-hundred-percent-height-scrolling gradient-container-2\" style=\"--awb-border-radius-top-left:0px;--awb-border-radius-top-right:0px;--awb-border-radius-bottom-right:0px;--awb-border-radius-bottom-left:0px;--awb-padding-top:40px;--awb-padding-bottom:40px;--awb-flex-wrap:wrap;\" ><div class=\"fusion-builder-row fusion-row fusion-flex-align-items-center fusion-flex-justify-content-center fusion-flex-content-wrap\" style=\"max-width:1248px;margin-left: calc(-4% \/ 2 );margin-right: calc(-4% \/ 2 );\"><div class=\"fusion-layout-column fusion_builder_column fusion-builder-column-1 fusion_builder_column_1_3 1_3 fusion-flex-column\" style=\"--awb-bg-size:cover;--awb-width-large:33.333333333333%;--awb-margin-top-large:0px;--awb-spacing-right-large:5.76%;--awb-margin-bottom-large:20px;--awb-spacing-left-large:5.76%;--awb-width-medium:33.333333333333%;--awb-order-medium:0;--awb-spacing-right-medium:5.76%;--awb-spacing-left-medium:5.76%;--awb-width-small:100%;--awb-order-small:0;--awb-spacing-right-small:1.92%;--awb-spacing-left-small:1.92%;\"><div class=\"fusion-column-wrapper fusion-column-has-shadow fusion-flex-justify-content-flex-start fusion-content-layout-column\"><div class=\"fusion-text fusion-text-2\" style=\"--awb-text-color:#000000;--awb-margin-top:30px;--awb-text-font-family:&quot;Open Sans&quot;;--awb-text-font-style:normal;--awb-text-font-weight:400;\"><ul class=\"site-map\">\n<li><a href=\"https:\/\/www.telmacom.be\">Accueil<\/a><\/li>\n<li><a href=\"https:\/\/www.telmacom.be\/blog\">Blog<\/a><\/li>\n<li><a href=\"https:\/\/www.telmacom.be\/contact\">Contactez nous<\/a><\/li>\n<li><a href=\"https:\/\/www.telmacom.be\/diensten\">Services<\/a><\/li>\n<li><a href=\"https:\/\/www.telmacom.be\/slapende-klanten\/\">Clients dormants<\/a><\/li>\n<li><a href=\"https:\/\/www.telmacom.be\/afnemen-enquetes\/\">Enqu\u00eates<\/a><\/li>\n<li><a href=\"https:\/\/www.telmacom.be\/afspraken-prospecten\/\">Perspectives de rendez-vous<\/a><\/li>\n<li><a href=\"https:\/\/www.telmacom.be\/bestaande-klanten\/\">Clients existants<\/a><\/li>\n<li><a href=\"https:\/\/www.telmacom.be\/dispatching\/\">Dispatching<\/a><\/li>\n<li><a href=\"https:\/\/www.telmacom.be\/helpdesk-24-7\/\">Service d&#8217;assistance 24\/7<\/a><\/li>\n<li><a href=\"https:\/\/www.telmacom.be\/klachtenbehandeling\/\">Traitement des plaintes<\/a><\/li>\n<li><a href=\"https:\/\/www.telmacom.be\/klantendienst\/\">Service \u00e0 la client\u00e8le<\/a><\/li>\n<li><a href=\"https:\/\/www.telmacom.be\/lead-generation\/\">G\u00e9n\u00e9ration de leads<\/a><\/li>\n<li><a href=\"https:\/\/www.telmacom.be\/optimalisatie-database\/\">Mise \u00e0 jour de la base de donn\u00e9es<\/a><\/li>\n<li><a href=\"https:\/\/www.telmacom.be\/direct-mailings\/\">Publipostage direct<\/a><\/li>\n<li><a href=\"https:\/\/www.telmacom.be\/retentiegesprekken\/\">Entretiens de maintien dans l&#8217;emploi<\/a><\/li>\n<li><a href=\"https:\/\/www.telmacom.be\/telesecretariaat\/\">T\u00e9l\u00e9secr\u00e9tariat<\/a><\/li>\n<li><a href=\"https:\/\/www.telmacom.be\/welkomstgesprekken\/\"><wbr><\/wbr>Appels de bienvenue<\/a><\/li>\n<li><a href=\"https:\/\/www.telmacom.be\/over-ons\/\">A propos de nous<\/a><\/li>\n<li><a href=\"https:\/\/www.telmacom.be\/vacatures\/\">Postes vacants<\/a><\/li>\n<li><a href=\"https:\/\/www.telmacom.be\/cookies\">Cookies<\/a><\/li>\n<li><a href=\"https:\/\/www.telmacom.be\/disclaimer\/\">Clause de non-responsabilit\u00e9<\/a><\/li>\n<li><a href=\"https:\/\/www.telmacom.be\/privacy-policy\/\">Politique de confidentialit\u00e9<\/a><\/li>\n<\/ul>\n<\/div><\/div><\/div><\/div><\/div><\/p>\n","protected":false},"excerpt":{"rendered":"","protected":false},"author":3,"featured_media":0,"parent":0,"menu_order":0,"comment_status":"closed","ping_status":"closed","template":"100-width.php","meta":{"inline_featured_image":false,"footnotes":""},"class_list":["post-1406","page","type-page","status-publish","hentry"],"yoast_head":"<!-- This site is optimized with the Yoast SEO plugin v27.5 - https:\/\/yoast.com\/product\/yoast-seo-wordpress\/ -->\n<title>Plan du site - Telemarketing en Lead Generation via B2B callcenter<\/title>\n<meta name=\"robots\" content=\"index, follow, max-snippet:-1, max-image-preview:large, max-video-preview:-1\" \/>\n<link rel=\"canonical\" href=\"https:\/\/www.telmacom.be\/fr\/plan-du-site\/\" \/>\n<meta property=\"og:locale\" content=\"fr_FR\" \/>\n<meta property=\"og:type\" content=\"article\" \/>\n<meta property=\"og:title\" content=\"Plan du site - Telemarketing en Lead Generation via B2B callcenter\" \/>\n<meta property=\"og:url\" content=\"https:\/\/www.telmacom.be\/fr\/plan-du-site\/\" \/>\n<meta property=\"og:site_name\" content=\"Telemarketing en Lead Generation via B2B callcenter\" \/>\n<meta property=\"article:modified_time\" content=\"2024-12-11T09:30:43+00:00\" \/>\n<meta name=\"twitter:card\" content=\"summary_large_image\" \/>\n<meta name=\"twitter:label1\" content=\"Dur\u00e9e de lecture estim\u00e9e\" \/>\n\t<meta name=\"twitter:data1\" content=\"10 minutes\" \/>\n<script type=\"application\/ld+json\" class=\"yoast-schema-graph\">{\"@context\":\"https:\\\/\\\/schema.org\",\"@graph\":[{\"@type\":\"WebPage\",\"@id\":\"https:\\\/\\\/www.telmacom.be\\\/fr\\\/plan-du-site\\\/\",\"url\":\"https:\\\/\\\/www.telmacom.be\\\/fr\\\/plan-du-site\\\/\",\"name\":\"Plan du site - Telemarketing en Lead Generation via B2B callcenter\",\"isPartOf\":{\"@id\":\"http:\\\/\\\/www.telmacom.be\\\/fr\\\/#website\"},\"datePublished\":\"2024-12-06T05:20:14+00:00\",\"dateModified\":\"2024-12-11T09:30:43+00:00\",\"breadcrumb\":{\"@id\":\"https:\\\/\\\/www.telmacom.be\\\/fr\\\/plan-du-site\\\/#breadcrumb\"},\"inLanguage\":\"fr-FR\",\"potentialAction\":[{\"@type\":\"ReadAction\",\"target\":[\"https:\\\/\\\/www.telmacom.be\\\/fr\\\/plan-du-site\\\/\"]}]},{\"@type\":\"BreadcrumbList\",\"@id\":\"https:\\\/\\\/www.telmacom.be\\\/fr\\\/plan-du-site\\\/#breadcrumb\",\"itemListElement\":[{\"@type\":\"ListItem\",\"position\":1,\"name\":\"Home\",\"item\":\"https:\\\/\\\/www.telmacom.be\\\/fr\\\/\"},{\"@type\":\"ListItem\",\"position\":2,\"name\":\"Plan du site\"}]},{\"@type\":\"WebSite\",\"@id\":\"http:\\\/\\\/www.telmacom.be\\\/fr\\\/#website\",\"url\":\"http:\\\/\\\/www.telmacom.be\\\/fr\\\/\",\"name\":\"Telemarketing en Lead Generation B2B callcenter\",\"description\":\"Telmacom is een callcenter voor B2B telemarketing, lead generation, telefonische prospectie en afspraken maken via cold calling voor sales teams.\",\"alternateName\":\"Telemarketing en Lead Generation\",\"potentialAction\":[{\"@type\":\"SearchAction\",\"target\":{\"@type\":\"EntryPoint\",\"urlTemplate\":\"http:\\\/\\\/www.telmacom.be\\\/fr\\\/?s={search_term_string}\"},\"query-input\":{\"@type\":\"PropertyValueSpecification\",\"valueRequired\":true,\"valueName\":\"search_term_string\"}}],\"inLanguage\":\"fr-FR\"}]}<\/script>\n<!-- \/ Yoast SEO plugin. -->","yoast_head_json":{"title":"Plan du site - Telemarketing en Lead Generation via B2B callcenter","robots":{"index":"index","follow":"follow","max-snippet":"max-snippet:-1","max-image-preview":"max-image-preview:large","max-video-preview":"max-video-preview:-1"},"canonical":"https:\/\/www.telmacom.be\/fr\/plan-du-site\/","og_locale":"fr_FR","og_type":"article","og_title":"Plan du site - Telemarketing en Lead Generation via B2B callcenter","og_url":"https:\/\/www.telmacom.be\/fr\/plan-du-site\/","og_site_name":"Telemarketing en Lead Generation via B2B callcenter","article_modified_time":"2024-12-11T09:30:43+00:00","twitter_card":"summary_large_image","twitter_misc":{"Dur\u00e9e de lecture estim\u00e9e":"10 minutes"},"schema":{"@context":"https:\/\/schema.org","@graph":[{"@type":"WebPage","@id":"https:\/\/www.telmacom.be\/fr\/plan-du-site\/","url":"https:\/\/www.telmacom.be\/fr\/plan-du-site\/","name":"Plan du site - Telemarketing en Lead Generation via B2B callcenter","isPartOf":{"@id":"http:\/\/www.telmacom.be\/fr\/#website"},"datePublished":"2024-12-06T05:20:14+00:00","dateModified":"2024-12-11T09:30:43+00:00","breadcrumb":{"@id":"https:\/\/www.telmacom.be\/fr\/plan-du-site\/#breadcrumb"},"inLanguage":"fr-FR","potentialAction":[{"@type":"ReadAction","target":["https:\/\/www.telmacom.be\/fr\/plan-du-site\/"]}]},{"@type":"BreadcrumbList","@id":"https:\/\/www.telmacom.be\/fr\/plan-du-site\/#breadcrumb","itemListElement":[{"@type":"ListItem","position":1,"name":"Home","item":"https:\/\/www.telmacom.be\/fr\/"},{"@type":"ListItem","position":2,"name":"Plan du site"}]},{"@type":"WebSite","@id":"http:\/\/www.telmacom.be\/fr\/#website","url":"http:\/\/www.telmacom.be\/fr\/","name":"Telemarketing en Lead Generation B2B callcenter","description":"Telmacom is een callcenter voor B2B telemarketing, lead generation, telefonische prospectie en afspraken maken via cold calling voor sales teams.","alternateName":"Telemarketing en Lead Generation","potentialAction":[{"@type":"SearchAction","target":{"@type":"EntryPoint","urlTemplate":"http:\/\/www.telmacom.be\/fr\/?s={search_term_string}"},"query-input":{"@type":"PropertyValueSpecification","valueRequired":true,"valueName":"search_term_string"}}],"inLanguage":"fr-FR"}]}},"_links":{"self":[{"href":"https:\/\/www.telmacom.be\/fr\/wp-json\/wp\/v2\/pages\/1406","targetHints":{"allow":["GET"]}}],"collection":[{"href":"https:\/\/www.telmacom.be\/fr\/wp-json\/wp\/v2\/pages"}],"about":[{"href":"https:\/\/www.telmacom.be\/fr\/wp-json\/wp\/v2\/types\/page"}],"author":[{"embeddable":true,"href":"https:\/\/www.telmacom.be\/fr\/wp-json\/wp\/v2\/users\/3"}],"replies":[{"embeddable":true,"href":"https:\/\/www.telmacom.be\/fr\/wp-json\/wp\/v2\/comments?post=1406"}],"version-history":[{"count":1,"href":"https:\/\/www.telmacom.be\/fr\/wp-json\/wp\/v2\/pages\/1406\/revisions"}],"predecessor-version":[{"id":1812,"href":"https:\/\/www.telmacom.be\/fr\/wp-json\/wp\/v2\/pages\/1406\/revisions\/1812"}],"wp:attachment":[{"href":"https:\/\/www.telmacom.be\/fr\/wp-json\/wp\/v2\/media?parent=1406"}],"curies":[{"name":"wp","href":"https:\/\/api.w.org\/{rel}","templated":true}]}}