{"id":1516,"date":"2024-12-05T17:10:06","date_gmt":"2024-12-05T17:10:06","guid":{"rendered":"https:\/\/www.telmacom.be\/?page_id=1516"},"modified":"2025-01-29T15:58:47","modified_gmt":"2025-01-29T15:58:47","slug":"base-de-donnees-clients","status":"publish","type":"page","link":"http:\/\/www.telmacom.be\/fr\/base-de-donnees-clients\/","title":{"rendered":"base-de-donnees-clients"},"content":{"rendered":"<p><div class=\"fusion-fullwidth fullwidth-box fusion-builder-row-1 fusion-flex-container has-pattern-background has-mask-background fusion-parallax-none nonhundred-percent-fullwidth non-hundred-percent-height-scrolling gradient-container-1\" style=\"--awb-background-blend-mode:screen;--awb-border-radius-top-left:0px;--awb-border-radius-top-right:0px;--awb-border-radius-bottom-right:0px;--awb-border-radius-bottom-left:0px;--awb-padding-top:150px;--awb-padding-bottom:150px;--awb-margin-bottom:0px;--awb-background-image:url(&quot;http:\/\/www.telmacom.be\/wp-content\/uploads\/2024\/12\/18.jpg&quot;);--awb-background-size:cover;--awb-flex-wrap:wrap;\" ><div class=\"fusion-builder-row fusion-row fusion-flex-align-items-flex-start fusion-flex-content-wrap\" style=\"max-width:1248px;margin-left: calc(-4% \/ 2 );margin-right: calc(-4% \/ 2 );\"><div class=\"fusion-layout-column fusion_builder_column fusion-builder-column-0 fusion_builder_column_1_1 1_1 fusion-flex-column\" style=\"--awb-padding-left:60px;--awb-padding-left-medium:80px;--awb-bg-size:cover;--awb-border-color:hsla(calc(12 + 31),100%,71%,100%);--awb-border-left:5px;--awb-border-style:solid;--awb-width-large:100%;--awb-margin-top-large:0px;--awb-spacing-right-large:1.92%;--awb-margin-bottom-large:0px;--awb-spacing-left-large:1.92%;--awb-width-medium:100%;--awb-order-medium:0;--awb-spacing-right-medium:1.92%;--awb-spacing-left-medium:1.92%;--awb-width-small:100%;--awb-order-small:0;--awb-spacing-right-small:1.92%;--awb-spacing-left-small:1.92%;\"><div class=\"fusion-column-wrapper fusion-column-has-shadow fusion-flex-justify-content-flex-start fusion-content-layout-column\"><div class=\"fusion-text fusion-text-1 text-decoration-te\" style=\"--awb-content-alignment:center;--awb-font-size:35px;--awb-text-color:#ffffff;--awb-margin-top:30px;--awb-text-font-family:Arial, Helvetica, sans-serif;--awb-text-font-style:normal;--awb-text-font-weight:400;\"><p style=\"text-align: center;\">Update Base De Donn\u00e9es<\/p>\n<\/div><a class=\"fusion-modal-text-link\" href=\"#\">\n<div class=\"divider\"><\/div>\n<\/a><div class=\"fusion-text fusion-text-2\" style=\"--awb-content-alignment:center;--awb-font-size:19px;--awb-text-color:#ffffff;--awb-margin-top:40px;--awb-text-font-family:&quot;Open Sans&quot;;--awb-text-font-style:normal;--awb-text-font-weight:400;\"><p class=\"custom-text-two\" style=\"text-align: center;\">Enrichissement de votre base de don\u00e9es<\/p>\n<\/div><\/div><\/div><\/div><\/div><div class=\"fusion-fullwidth fullwidth-box fusion-builder-row-2 fusion-flex-container has-pattern-background has-mask-background nonhundred-percent-fullwidth non-hundred-percent-height-scrolling gradient-container-2\" style=\"--awb-border-radius-top-left:0px;--awb-border-radius-top-right:0px;--awb-border-radius-bottom-right:0px;--awb-border-radius-bottom-left:0px;--awb-flex-wrap:wrap;\" ><div class=\"fusion-builder-row fusion-row fusion-flex-align-items-center fusion-flex-justify-content-center fusion-flex-content-wrap\" style=\"max-width:1248px;margin-left: calc(-4% \/ 2 );margin-right: calc(-4% \/ 2 );\"><div class=\"fusion-layout-column fusion_builder_column fusion-builder-column-1 fusion_builder_column_3_5 3_5 fusion-flex-column\" style=\"--awb-bg-size:cover;--awb-width-large:60%;--awb-margin-top-large:0px;--awb-spacing-right-large:3.2%;--awb-margin-bottom-large:20px;--awb-spacing-left-large:3.2%;--awb-width-medium:60%;--awb-order-medium:0;--awb-spacing-right-medium:3.2%;--awb-spacing-left-medium:3.2%;--awb-width-small:100%;--awb-order-small:0;--awb-spacing-right-small:1.92%;--awb-spacing-left-small:1.92%;\"><div class=\"fusion-column-wrapper fusion-column-has-shadow fusion-flex-justify-content-flex-start fusion-content-layout-column\"><div class=\"fusion-text fusion-text-3\" style=\"--awb-text-color:#000000;--awb-margin-top:30px;--awb-text-font-family:&quot;Open Sans&quot;;--awb-text-font-style:normal;--awb-text-font-weight:400;\"><h5 class=\"h4 text-align-left\">ENRICHISSEMENT DE VOTRE BASE DE DONNEES<\/h5>\n<p class=\"custom-text-three\">Etes-vous certains que les donn\u00e9es de votre syst\u00e8me CRM sont \u00e0 jour? Les contacts sont-ils les m\u00eames? Ou adressez-vous depuis des mois des mailings \u00e0 des personnes ayant quitt\u00e9 l&#8217;entreprise?<\/p>\n<p class=\"custom-text-three\">Tous les jours, des quantit\u00e9s impressionnantes de mailings ne sont pas ouverts et finissent \u00e0 la poubelle, simplement parce que mal adress\u00e9s, ou parce que le nom du destinataire est incorrect. Et un ratage de plus.<br \/>\nGr\u00e2ce au service t\u00e9l\u00e9marketing que nous vous proposons, vous \u00e9viterez des d\u00e9convenues p\u00e9nibles et co\u00fbteuses, seulement en mettant vos fichiers \u00e0 jour, en les adaptant ou en les compl\u00e9tant. R\u00e9pondre aux besoins de vos clients passe par un fichier client mis en ordre de marche.<\/p>\n<p class=\"custom-text-three\">Mais allons au del\u00e0 de la seule v\u00e9rification de donn\u00e9es. Si vous voulez agir syst\u00e9matiquement sur les besoins de vos clients, il vous faudra d&#8217;abord en cr\u00e9er le fichier. L\u00e0 aussi, nos agents t\u00e9l\u00e9marketing en seront les acteurs parfaits.<\/p>\n<p class=\"custom-text-three\">Vous nous soumettez vos fichiers clients, nous discutons des param\u00e8tres que vous souhaitez de chaque client ou prospect.<br \/>\nNos t\u00e9l\u00e9phonistes exp\u00e9riment\u00e9s en t\u00e9l\u00e9marketing contacteront toutes vos adresses, les contr\u00f4leront et si n\u00e9cessaire, les compl\u00e8teront. L&#8217;impact de votre mailing direct sera nettement plus \u00e9lev\u00e9, et votre fichier sera \u00e0 jour pour vos prochaines actions.<\/p>\n<p><a class=\"custom-anchor-link\" href=\"https:\/\/www.telmacom.be\/contact\">Contact<\/a>&#8211;<a class=\"custom-anchor-link\" href=\"https:\/\/www.telmacom.be\/diensten\/\">Services<\/a><\/p>\n<\/div><\/div><\/div><\/div><\/div><div class=\"fusion-fullwidth fullwidth-box fusion-builder-row-3 fusion-flex-container has-pattern-background has-mask-background nonhundred-percent-fullwidth non-hundred-percent-height-scrolling gradient-container-3\" style=\"--awb-border-radius-top-left:0px;--awb-border-radius-top-right:0px;--awb-border-radius-bottom-right:0px;--awb-border-radius-bottom-left:0px;--awb-padding-top:60px;--awb-padding-bottom:60px;--awb-background-color:#f9f9f9;--awb-flex-wrap:wrap;\" ><div class=\"fusion-builder-row fusion-row fusion-flex-align-items-center fusion-flex-justify-content-center fusion-flex-content-wrap\" style=\"max-width:1248px;margin-left: calc(-4% \/ 2 );margin-right: calc(-4% \/ 2 );\"><div class=\"fusion-layout-column fusion_builder_column fusion-builder-column-2 fusion_builder_column_1_1 1_1 fusion-flex-column\" style=\"--awb-bg-size:cover;--awb-width-large:100%;--awb-margin-top-large:0px;--awb-spacing-right-large:1.92%;--awb-margin-bottom-large:20px;--awb-spacing-left-large:1.92%;--awb-width-medium:100%;--awb-order-medium:0;--awb-spacing-right-medium:1.92%;--awb-spacing-left-medium:1.92%;--awb-width-small:100%;--awb-order-small:0;--awb-spacing-right-small:1.92%;--awb-spacing-left-small:1.92%;\"><div class=\"fusion-column-wrapper fusion-column-has-shadow fusion-flex-justify-content-flex-start fusion-content-layout-column\"><div class=\"fusion-text fusion-text-4 text-decoration-te\" style=\"--awb-content-alignment:center;--awb-font-size:35px;--awb-text-font-family:Arial, Helvetica, sans-serif;--awb-text-font-style:normal;--awb-text-font-weight:400;\"><p style=\"text-align: center; text-transform: uppercase;\">Comment pouvons-nous vous aider?<\/p>\n<\/div><a class=\"fusion-modal-text-link\" href=\"#\">\n<div class=\"divider\"><\/div>\n<\/a><\/div><\/div><div class=\"fusion-layout-column fusion_builder_column fusion-builder-column-3 fusion_builder_column_1_1 1_1 fusion-flex-column\" style=\"--awb-bg-size:cover;--awb-width-large:100%;--awb-margin-top-large:30px;--awb-spacing-right-large:1.92%;--awb-margin-bottom-large:20px;--awb-spacing-left-large:1.92%;--awb-width-medium:100%;--awb-order-medium:0;--awb-spacing-right-medium:1.92%;--awb-spacing-left-medium:1.92%;--awb-width-small:100%;--awb-order-small:0;--awb-spacing-right-small:1.92%;--awb-spacing-left-small:1.92%;\" data-scroll-devices=\"small-visibility,medium-visibility,large-visibility\"><div class=\"fusion-column-wrapper fusion-column-has-shadow fusion-flex-justify-content-flex-start fusion-content-layout-column\"><style id=\"wpforms-css-vars-2407\">\n\t\t\t\t#wpforms-2407 {\n\t\t\t\t--wpforms-field-size-input-height: 43px;\n--wpforms-field-size-input-spacing: 15px;\n--wpforms-field-size-font-size: 16px;\n--wpforms-field-size-line-height: 19px;\n--wpforms-field-size-padding-h: 14px;\n--wpforms-field-size-checkbox-size: 16px;\n--wpforms-field-size-sublabel-spacing: 5px;\n--wpforms-field-size-icon-size: 1;\n--wpforms-label-size-font-size: 16px;\n--wpforms-label-size-line-height: 19px;\n--wpforms-label-size-sublabel-font-size: 14px;\n--wpforms-label-size-sublabel-line-height: 17px;\n--wpforms-button-size-font-size: 17px;\n--wpforms-button-size-height: 41px;\n--wpforms-button-size-padding-h: 15px;\n--wpforms-button-size-margin-top: 10px;\n--wpforms-container-shadow-size-box-shadow: none;\n\t\t\t}\n\t\t\t<\/style><div class=\"wpforms-container wpforms-container-full wpforms-render-modern\" id=\"wpforms-2407\"><form id=\"wpforms-form-2407\" class=\"wpforms-validate wpforms-form wpforms-ajax-form\" data-formid=\"2407\" method=\"post\" enctype=\"multipart\/form-data\" action=\"\/fr\/wp-json\/wp\/v2\/pages\/1516\" data-token=\"565b0cbdd87c98da08ac5ad71a231154\" data-token-time=\"1777590955\"><noscript class=\"wpforms-error-noscript\">Veuillez activer JavaScript dans votre navigateur pour remplir ce formulaire.<\/noscript><div id=\"wpforms-error-noscript\" style=\"display: none;\">Veuillez activer JavaScript dans votre navigateur pour remplir ce formulaire.<\/div><div class=\"wpforms-field-container\"><div id=\"wpforms-2407-field_2-container\" class=\"wpforms-field wpforms-field-text wpforms-one-half wpforms-first\" data-field-id=\"2\"><label class=\"wpforms-field-label\" for=\"wpforms-2407-field_2\">Pr\u00e9nom <span class=\"wpforms-required-label\" aria-hidden=\"true\">*<\/span><\/label><input type=\"text\" id=\"wpforms-2407-field_2\" class=\"wpforms-field-large wpforms-field-required\" name=\"wpforms[fields][2]\" aria-errormessage=\"wpforms-2407-field_2-error\" required><\/div><div id=\"wpforms-2407-field_3-container\" class=\"wpforms-field wpforms-field-text wpforms-one-half\" data-field-id=\"3\"><label class=\"wpforms-field-label\" for=\"wpforms-2407-field_3\">Nom <span class=\"wpforms-required-label\" aria-hidden=\"true\">*<\/span><\/label><input type=\"text\" id=\"wpforms-2407-field_3\" class=\"wpforms-field-large wpforms-field-required\" name=\"wpforms[fields][3]\" aria-errormessage=\"wpforms-2407-field_3-error\" required><\/div><div id=\"wpforms-2407-field_4-container\" class=\"wpforms-field wpforms-field-email wpforms-one-half wpforms-first\" data-field-id=\"4\"><label class=\"wpforms-field-label\" for=\"wpforms-2407-field_4\">E-mail <span class=\"wpforms-required-label\" aria-hidden=\"true\">*<\/span><\/label><input type=\"email\" id=\"wpforms-2407-field_4\" class=\"wpforms-field-large wpforms-field-required\" data-rule-restricted-email=\"1\" name=\"wpforms[fields][4]\" spellcheck=\"false\" aria-errormessage=\"wpforms-2407-field_4-error\" required><\/div><div id=\"wpforms-2407-field_5-container\" class=\"wpforms-field wpforms-field-number wpforms-one-half\" data-field-id=\"5\"><label class=\"wpforms-field-label\" for=\"wpforms-2407-field_5\">T\u00e9l\u00e9phone <span class=\"wpforms-required-label\" aria-hidden=\"true\">*<\/span><\/label><input type=\"number\" id=\"wpforms-2407-field_5\" class=\"wpforms-field-large wpforms-field-required\" name=\"wpforms[fields][5]\" step=\"any\" aria-errormessage=\"wpforms-2407-field_5-error\" required><\/div><div id=\"wpforms-2407-field_6-container\" class=\"wpforms-field wpforms-field-textarea\" data-field-id=\"6\"><label class=\"wpforms-field-label\" for=\"wpforms-2407-field_6\">Question ou remarque<\/label><textarea id=\"wpforms-2407-field_6\" class=\"wpforms-field-medium\" name=\"wpforms[fields][6]\" placeholder=\"Parlez-nous de vos souhaits\" aria-errormessage=\"wpforms-2407-field_6-error\" ><\/textarea><\/div>\t\t<div id=\"wpforms-2407-field_1-container\"\n\t\t\tclass=\"wpforms-field wpforms-field-text\"\n\t\t\tdata-field-type=\"text\"\n\t\t\tdata-field-id=\"1\"\n\t\t\t>\n\t\t\t<label class=\"wpforms-field-label\" for=\"wpforms-2407-field_1\" >T\u00e9l\u00e9phone remarque E-mail<\/label>\n\t\t\t<input type=\"text\" id=\"wpforms-2407-field_1\" class=\"wpforms-field-medium\" name=\"wpforms[fields][1]\" >\n\t\t<\/div>\n\t\t<div id=\"wpforms-2407-field_7-container\" class=\"wpforms-field wpforms-field-checkbox\" data-field-id=\"7\"><fieldset><legend class=\"wpforms-field-label\"><\/legend><ul id=\"wpforms-2407-field_7\"><li class=\"choice-1 depth-1\"><input type=\"checkbox\" id=\"wpforms-2407-field_7_1\" name=\"wpforms[fields][7][]\" value=\"J&#039;ai lu la &lt;a target=&quot;_blank&quot; href=&quot;https:\/\/telmacom.be\/fr\/politique-de-confidentialite\/&quot;&gt;politique de confidentialit\u00e9&lt;\/a&gt;.\" aria-errormessage=\"wpforms-2407-field_7_1-error\"  ><label class=\"wpforms-field-label-inline\" for=\"wpforms-2407-field_7_1\">J'ai lu la <a target=\"_blank\" href=\"https:\/\/telmacom.be\/fr\/politique-de-confidentialite\/\">politique de confidentialit\u00e9<\/a>.<\/label><\/li><\/ul><\/fieldset><\/div><script>\n\t\t\t\t( function() {\n\t\t\t\t\tconst style = document.createElement( 'style' );\n\t\t\t\t\tstyle.appendChild( document.createTextNode( '#wpforms-2407-field_1-container { position: absolute !important; overflow: hidden !important; display: inline !important; height: 1px !important; width: 1px !important; z-index: -1000 !important; padding: 0 !important; } #wpforms-2407-field_1-container input { visibility: hidden; } #wpforms-conversational-form-page #wpforms-2407-field_1-container label { counter-increment: none; }' ) );\n\t\t\t\t\tdocument.head.appendChild( style );\n\t\t\t\t\tdocument.currentScript?.remove();\n\t\t\t\t} )();\n\t\t\t<\/script><\/div><!-- .wpforms-field-container --><div class=\"wpforms-submit-container\" ><input type=\"hidden\" name=\"wpforms[id]\" value=\"2407\"><input type=\"hidden\" name=\"page_title\" value=\"\"><input type=\"hidden\" name=\"page_url\" value=\"http:\/\/www.telmacom.be\/fr\/wp-json\/wp\/v2\/pages\/1516\"><input type=\"hidden\" name=\"url_referer\" value=\"\"><button type=\"submit\" name=\"wpforms[submit]\" id=\"wpforms-submit-2407\" class=\"wpforms-submit\" data-alt-text=\"ENVOYER...\" data-submit-text=\"ENVOYER\" aria-live=\"assertive\" value=\"wpforms-submit\">ENVOYER<\/button><img decoding=\"async\" src=\"http:\/\/www.telmacom.be\/wp-content\/plugins\/wpforms\/assets\/images\/submit-spin.svg\" class=\"wpforms-submit-spinner\" style=\"display: none;\" width=\"26\" height=\"26\" alt=\"Chargement en cours\"><\/div><\/form><\/div>  <!-- .wpforms-container --><\/div><\/div>\n<\/div><\/div><div class=\"fusion-fullwidth fullwidth-box fusion-builder-row-4 fusion-flex-container has-pattern-background has-mask-background nonhundred-percent-fullwidth non-hundred-percent-height-scrolling gradient-container-4\" style=\"--awb-border-radius-top-left:0px;--awb-border-radius-top-right:0px;--awb-border-radius-bottom-right:0px;--awb-border-radius-bottom-left:0px;--awb-flex-wrap:wrap;\" ><div class=\"fusion-builder-row fusion-row fusion-flex-align-items-flex-start fusion-flex-content-wrap\" style=\"max-width:1248px;margin-left: calc(-4% \/ 2 );margin-right: calc(-4% \/ 2 );\"><div class=\"fusion-layout-column fusion_builder_column fusion-builder-column-4 fusion_builder_column_1_1 1_1 fusion-flex-column\" style=\"--awb-bg-size:cover;--awb-width-large:100%;--awb-margin-top-large:0px;--awb-spacing-right-large:1.92%;--awb-margin-bottom-large:20px;--awb-spacing-left-large:1.92%;--awb-width-medium:100%;--awb-order-medium:0;--awb-spacing-right-medium:1.92%;--awb-spacing-left-medium:1.92%;--awb-width-small:100%;--awb-order-small:0;--awb-spacing-right-small:1.92%;--awb-spacing-left-small:1.92%;\"><div class=\"fusion-column-wrapper fusion-column-has-shadow fusion-flex-justify-content-flex-start fusion-content-layout-column\"><\/div><\/div><\/div><\/div><\/p>\n","protected":false},"excerpt":{"rendered":"","protected":false},"author":3,"featured_media":0,"parent":0,"menu_order":0,"comment_status":"closed","ping_status":"closed","template":"100-width.php","meta":{"inline_featured_image":false,"footnotes":""},"class_list":["post-1516","page","type-page","status-publish","hentry"],"yoast_head":"<!-- This site is optimized with the Yoast SEO plugin v27.5 - https:\/\/yoast.com\/product\/yoast-seo-wordpress\/ -->\n<title>Mettez votre base de donn\u00e9es \u00e0 jour gr\u00e2ce au t\u00e9l\u00e9marketing<\/title>\n<meta name=\"description\" content=\"Le t\u00e9l\u00e9marketing est plus efficace avec des bases de donn\u00e9es de qualit\u00e9. Telmacom s&#039;assure que vos bases de donn\u00e9es sont \u00e0 jour.\" \/>\n<meta name=\"robots\" content=\"index, follow, max-snippet:-1, max-image-preview:large, max-video-preview:-1\" \/>\n<link rel=\"canonical\" href=\"http:\/\/www.telmacom.be\/fr\/base-de-donnees-clients\/\" \/>\n<meta property=\"og:locale\" content=\"fr_FR\" \/>\n<meta property=\"og:type\" content=\"article\" \/>\n<meta property=\"og:title\" content=\"Mettez votre base de donn\u00e9es \u00e0 jour gr\u00e2ce au t\u00e9l\u00e9marketing\" \/>\n<meta property=\"og:description\" content=\"Le t\u00e9l\u00e9marketing est plus efficace avec des bases de donn\u00e9es de qualit\u00e9. Telmacom s&#039;assure que vos bases de donn\u00e9es sont \u00e0 jour.\" \/>\n<meta property=\"og:url\" content=\"http:\/\/www.telmacom.be\/fr\/base-de-donnees-clients\/\" \/>\n<meta property=\"og:site_name\" content=\"Telemarketing en Lead Generation via B2B callcenter\" \/>\n<meta property=\"article:modified_time\" content=\"2025-01-29T15:58:47+00:00\" \/>\n<meta name=\"twitter:card\" content=\"summary_large_image\" \/>\n<meta name=\"twitter:label1\" content=\"Dur\u00e9e de lecture estim\u00e9e\" \/>\n\t<meta name=\"twitter:data1\" content=\"2 minutes\" \/>\n<script type=\"application\/ld+json\" class=\"yoast-schema-graph\">{\"@context\":\"https:\\\/\\\/schema.org\",\"@graph\":[{\"@type\":\"WebPage\",\"@id\":\"http:\\\/\\\/www.telmacom.be\\\/fr\\\/base-de-donnees-clients\\\/\",\"url\":\"http:\\\/\\\/www.telmacom.be\\\/fr\\\/base-de-donnees-clients\\\/\",\"name\":\"Mettez votre base de donn\u00e9es \u00e0 jour gr\u00e2ce au t\u00e9l\u00e9marketing\",\"isPartOf\":{\"@id\":\"https:\\\/\\\/www.telmacom.be\\\/fr\\\/#website\"},\"datePublished\":\"2024-12-05T17:10:06+00:00\",\"dateModified\":\"2025-01-29T15:58:47+00:00\",\"description\":\"Le t\u00e9l\u00e9marketing est plus efficace avec des bases de donn\u00e9es de qualit\u00e9. Telmacom s'assure que vos bases de donn\u00e9es sont \u00e0 jour.\",\"breadcrumb\":{\"@id\":\"http:\\\/\\\/www.telmacom.be\\\/fr\\\/base-de-donnees-clients\\\/#breadcrumb\"},\"inLanguage\":\"fr-FR\",\"potentialAction\":[{\"@type\":\"ReadAction\",\"target\":[\"http:\\\/\\\/www.telmacom.be\\\/fr\\\/base-de-donnees-clients\\\/\"]}]},{\"@type\":\"BreadcrumbList\",\"@id\":\"http:\\\/\\\/www.telmacom.be\\\/fr\\\/base-de-donnees-clients\\\/#breadcrumb\",\"itemListElement\":[{\"@type\":\"ListItem\",\"position\":1,\"name\":\"Home\",\"item\":\"https:\\\/\\\/www.telmacom.be\\\/fr\\\/\"},{\"@type\":\"ListItem\",\"position\":2,\"name\":\"base-de-donnees-clients\"}]},{\"@type\":\"WebSite\",\"@id\":\"https:\\\/\\\/www.telmacom.be\\\/fr\\\/#website\",\"url\":\"https:\\\/\\\/www.telmacom.be\\\/fr\\\/\",\"name\":\"Telemarketing en Lead Generation B2B callcenter\",\"description\":\"Telmacom is een callcenter voor B2B telemarketing, lead generation, telefonische prospectie en afspraken maken via cold calling voor sales teams.\",\"alternateName\":\"Telemarketing en Lead Generation\",\"potentialAction\":[{\"@type\":\"SearchAction\",\"target\":{\"@type\":\"EntryPoint\",\"urlTemplate\":\"https:\\\/\\\/www.telmacom.be\\\/fr\\\/?s={search_term_string}\"},\"query-input\":{\"@type\":\"PropertyValueSpecification\",\"valueRequired\":true,\"valueName\":\"search_term_string\"}}],\"inLanguage\":\"fr-FR\"}]}<\/script>\n<!-- \/ Yoast SEO plugin. -->","yoast_head_json":{"title":"Mettez votre base de donn\u00e9es \u00e0 jour gr\u00e2ce au t\u00e9l\u00e9marketing","description":"Le t\u00e9l\u00e9marketing est plus efficace avec des bases de donn\u00e9es de qualit\u00e9. Telmacom s'assure que vos bases de donn\u00e9es sont \u00e0 jour.","robots":{"index":"index","follow":"follow","max-snippet":"max-snippet:-1","max-image-preview":"max-image-preview:large","max-video-preview":"max-video-preview:-1"},"canonical":"http:\/\/www.telmacom.be\/fr\/base-de-donnees-clients\/","og_locale":"fr_FR","og_type":"article","og_title":"Mettez votre base de donn\u00e9es \u00e0 jour gr\u00e2ce au t\u00e9l\u00e9marketing","og_description":"Le t\u00e9l\u00e9marketing est plus efficace avec des bases de donn\u00e9es de qualit\u00e9. Telmacom s'assure que vos bases de donn\u00e9es sont \u00e0 jour.","og_url":"http:\/\/www.telmacom.be\/fr\/base-de-donnees-clients\/","og_site_name":"Telemarketing en Lead Generation via B2B callcenter","article_modified_time":"2025-01-29T15:58:47+00:00","twitter_card":"summary_large_image","twitter_misc":{"Dur\u00e9e de lecture estim\u00e9e":"2 minutes"},"schema":{"@context":"https:\/\/schema.org","@graph":[{"@type":"WebPage","@id":"http:\/\/www.telmacom.be\/fr\/base-de-donnees-clients\/","url":"http:\/\/www.telmacom.be\/fr\/base-de-donnees-clients\/","name":"Mettez votre base de donn\u00e9es \u00e0 jour gr\u00e2ce au t\u00e9l\u00e9marketing","isPartOf":{"@id":"https:\/\/www.telmacom.be\/fr\/#website"},"datePublished":"2024-12-05T17:10:06+00:00","dateModified":"2025-01-29T15:58:47+00:00","description":"Le t\u00e9l\u00e9marketing est plus efficace avec des bases de donn\u00e9es de qualit\u00e9. Telmacom s'assure que vos bases de donn\u00e9es sont \u00e0 jour.","breadcrumb":{"@id":"http:\/\/www.telmacom.be\/fr\/base-de-donnees-clients\/#breadcrumb"},"inLanguage":"fr-FR","potentialAction":[{"@type":"ReadAction","target":["http:\/\/www.telmacom.be\/fr\/base-de-donnees-clients\/"]}]},{"@type":"BreadcrumbList","@id":"http:\/\/www.telmacom.be\/fr\/base-de-donnees-clients\/#breadcrumb","itemListElement":[{"@type":"ListItem","position":1,"name":"Home","item":"https:\/\/www.telmacom.be\/fr\/"},{"@type":"ListItem","position":2,"name":"base-de-donnees-clients"}]},{"@type":"WebSite","@id":"https:\/\/www.telmacom.be\/fr\/#website","url":"https:\/\/www.telmacom.be\/fr\/","name":"Telemarketing en Lead Generation B2B callcenter","description":"Telmacom is een callcenter voor B2B telemarketing, lead generation, telefonische prospectie en afspraken maken via cold calling voor sales teams.","alternateName":"Telemarketing en Lead Generation","potentialAction":[{"@type":"SearchAction","target":{"@type":"EntryPoint","urlTemplate":"https:\/\/www.telmacom.be\/fr\/?s={search_term_string}"},"query-input":{"@type":"PropertyValueSpecification","valueRequired":true,"valueName":"search_term_string"}}],"inLanguage":"fr-FR"}]}},"_links":{"self":[{"href":"http:\/\/www.telmacom.be\/fr\/wp-json\/wp\/v2\/pages\/1516","targetHints":{"allow":["GET"]}}],"collection":[{"href":"http:\/\/www.telmacom.be\/fr\/wp-json\/wp\/v2\/pages"}],"about":[{"href":"http:\/\/www.telmacom.be\/fr\/wp-json\/wp\/v2\/types\/page"}],"author":[{"embeddable":true,"href":"http:\/\/www.telmacom.be\/fr\/wp-json\/wp\/v2\/users\/3"}],"replies":[{"embeddable":true,"href":"http:\/\/www.telmacom.be\/fr\/wp-json\/wp\/v2\/comments?post=1516"}],"version-history":[{"count":15,"href":"http:\/\/www.telmacom.be\/fr\/wp-json\/wp\/v2\/pages\/1516\/revisions"}],"predecessor-version":[{"id":2824,"href":"http:\/\/www.telmacom.be\/fr\/wp-json\/wp\/v2\/pages\/1516\/revisions\/2824"}],"wp:attachment":[{"href":"http:\/\/www.telmacom.be\/fr\/wp-json\/wp\/v2\/media?parent=1516"}],"curies":[{"name":"wp","href":"https:\/\/api.w.org\/{rel}","templated":true}]}}